{"id":629,"date":"2012-08-22T18:40:56","date_gmt":"2012-08-22T17:40:56","guid":{"rendered":"http:\/\/masola.org\/?page_id=629"},"modified":"2018-02-12T23:18:33","modified_gmt":"2018-02-12T22:18:33","slug":"masola-madres-solteras-por-eleccion-en-reproduccion-asistida","status":"publish","type":"page","link":"https:\/\/masola.org\/en\/masola-madres-solteras-por-eleccion-en-reproduccion-asistida\/","title":{"rendered":"About us"},"content":{"rendered":"","protected":false},"excerpt":{"rendered":"","protected":false},"author":1,"featured_media":9588,"parent":0,"menu_order":0,"comment_status":"closed","ping_status":"closed","template":"","meta":{"footnotes":""},"class_list":["post-629","page","type-page","status-publish","has-post-thumbnail","hentry"],"yoast_head":"<!-- This site is optimized with the Yoast SEO plugin v26.3 - https:\/\/yoast.com\/wordpress\/plugins\/seo\/ -->\n<title>Masola - madres solteras y familias en reproducci\u00f3n asistida<\/title>\n<meta name=\"description\" content=\"masola-madres-solteras-por-eleccion-en-reproduccion-asistida\" \/>\n<meta name=\"robots\" content=\"index, follow, max-snippet:-1, max-image-preview:large, max-video-preview:-1\" \/>\n<link rel=\"canonical\" href=\"https:\/\/masola.org\/masola-madres-solteras-por-eleccion-en-reproduccion-asistida\/\" \/>\n<meta property=\"og:locale\" content=\"en_US\" \/>\n<meta property=\"og:type\" content=\"article\" \/>\n<meta property=\"og:title\" content=\"Masola - madres solteras y familias en reproducci\u00f3n asistida\" \/>\n<meta property=\"og:description\" content=\"masola-madres-solteras-por-eleccion-en-reproduccion-asistida\" \/>\n<meta property=\"og:url\" content=\"https:\/\/masola.org\/masola-madres-solteras-por-eleccion-en-reproduccion-asistida\/\" \/>\n<meta property=\"og:site_name\" content=\"Madres solteras por elecci\u00f3n\" \/>\n<meta property=\"article:publisher\" content=\"https:\/\/www.facebook.com\/MasolaOrg\/\" \/>\n<meta property=\"article:modified_time\" content=\"2018-02-12T22:18:33+00:00\" \/>\n<meta property=\"og:image\" content=\"https:\/\/masola.org\/wp-content\/uploads\/2016\/10\/cropped-bolsas_masola_bolsa-1-1-1200x958.jpg\" \/>\n\t<meta property=\"og:image:width\" content=\"512\" \/>\n\t<meta property=\"og:image:height\" content=\"512\" \/>\n\t<meta property=\"og:image:type\" content=\"image\/jpeg\" \/>\n<meta name=\"twitter:card\" content=\"summary_large_image\" \/>\n<meta name=\"twitter:site\" content=\"@Masola_Org\" \/>\n<meta name=\"twitter:label1\" content=\"Est. reading time\" \/>\n\t<meta name=\"twitter:data1\" content=\"3 minutes\" \/>\n<script type=\"application\/ld+json\" class=\"yoast-schema-graph\">{\"@context\":\"https:\/\/schema.org\",\"@graph\":[{\"@type\":\"WebPage\",\"@id\":\"https:\/\/masola.org\/masola-madres-solteras-por-eleccion-en-reproduccion-asistida\/\",\"url\":\"https:\/\/masola.org\/masola-madres-solteras-por-eleccion-en-reproduccion-asistida\/\",\"name\":\"Masola - madres solteras y familias en reproducci\u00f3n asistida\",\"isPartOf\":{\"@id\":\"https:\/\/masola.org\/#website\"},\"primaryImageOfPage\":{\"@id\":\"https:\/\/masola.org\/masola-madres-solteras-por-eleccion-en-reproduccion-asistida\/#primaryimage\"},\"image\":{\"@id\":\"https:\/\/masola.org\/masola-madres-solteras-por-eleccion-en-reproduccion-asistida\/#primaryimage\"},\"thumbnailUrl\":\"https:\/\/masola.org\/wp-content\/uploads\/2016\/10\/cropped-bolsas_masola_bolsa-1-1-1200x958.jpg\",\"datePublished\":\"2012-08-22T17:40:56+00:00\",\"dateModified\":\"2018-02-12T22:18:33+00:00\",\"description\":\"masola-madres-solteras-por-eleccion-en-reproduccion-asistida\",\"breadcrumb\":{\"@id\":\"https:\/\/masola.org\/masola-madres-solteras-por-eleccion-en-reproduccion-asistida\/#breadcrumb\"},\"inLanguage\":\"en-US\",\"potentialAction\":[{\"@type\":\"ReadAction\",\"target\":[\"https:\/\/masola.org\/masola-madres-solteras-por-eleccion-en-reproduccion-asistida\/\"]}]},{\"@type\":\"ImageObject\",\"inLanguage\":\"en-US\",\"@id\":\"https:\/\/masola.org\/masola-madres-solteras-por-eleccion-en-reproduccion-asistida\/#primaryimage\",\"url\":\"https:\/\/masola.org\/wp-content\/uploads\/2016\/10\/cropped-bolsas_masola_bolsa-1-1-1200x958.jpg\",\"contentUrl\":\"https:\/\/masola.org\/wp-content\/uploads\/2016\/10\/cropped-bolsas_masola_bolsa-1-1-1200x958.jpg\",\"width\":512,\"height\":512},{\"@type\":\"BreadcrumbList\",\"@id\":\"https:\/\/masola.org\/masola-madres-solteras-por-eleccion-en-reproduccion-asistida\/#breadcrumb\",\"itemListElement\":[{\"@type\":\"ListItem\",\"position\":1,\"name\":\"Paginas-Menu WEB\",\"item\":\"https:\/\/masola.org\/\"},{\"@type\":\"ListItem\",\"position\":2,\"name\":\"Qui\u00e9nes somos en madres solteras por elecci\u00f3n en reproducci\u00f3n asistida\"}]},{\"@type\":\"WebSite\",\"@id\":\"https:\/\/masola.org\/#website\",\"url\":\"https:\/\/masola.org\/\",\"name\":\"Madres solteras por elecci\u00f3n\",\"description\":\"Madres solteras por eleccion y reproducci\u00f3n asistida\",\"publisher\":{\"@id\":\"https:\/\/masola.org\/#organization\"},\"potentialAction\":[{\"@type\":\"SearchAction\",\"target\":{\"@type\":\"EntryPoint\",\"urlTemplate\":\"https:\/\/masola.org\/?s={search_term_string}\"},\"query-input\":{\"@type\":\"PropertyValueSpecification\",\"valueRequired\":true,\"valueName\":\"search_term_string\"}}],\"inLanguage\":\"en-US\"},{\"@type\":\"Organization\",\"@id\":\"https:\/\/masola.org\/#organization\",\"name\":\"Masola\",\"url\":\"https:\/\/masola.org\/\",\"logo\":{\"@type\":\"ImageObject\",\"inLanguage\":\"en-US\",\"@id\":\"https:\/\/masola.org\/#\/schema\/logo\/image\/\",\"url\":\"https:\/\/masola.org\/wp-content\/uploads\/2016\/10\/cropped-bolsas_masola_bolsa-1-1-1200x958-2.jpg\",\"contentUrl\":\"https:\/\/masola.org\/wp-content\/uploads\/2016\/10\/cropped-bolsas_masola_bolsa-1-1-1200x958-2.jpg\",\"width\":1200,\"height\":612,\"caption\":\"Masola\"},\"image\":{\"@id\":\"https:\/\/masola.org\/#\/schema\/logo\/image\/\"},\"sameAs\":[\"https:\/\/www.facebook.com\/MasolaOrg\/\",\"https:\/\/x.com\/Masola_Org\",\"https:\/\/www.instagram.com\/masola.org_rosa.maestro\/\",\"https:\/\/www.linkedin.com\/in\/rosamaestro\/\",\"https:\/\/www.youtube.com\/user\/MegaMasola\"]}]}<\/script>\n<!-- \/ Yoast SEO plugin. -->","yoast_head_json":{"title":"Masola - madres solteras y familias en reproducci\u00f3n asistida","description":"masola-madres-solteras-por-eleccion-en-reproduccion-asistida","robots":{"index":"index","follow":"follow","max-snippet":"max-snippet:-1","max-image-preview":"max-image-preview:large","max-video-preview":"max-video-preview:-1"},"canonical":"https:\/\/masola.org\/masola-madres-solteras-por-eleccion-en-reproduccion-asistida\/","og_locale":"en_US","og_type":"article","og_title":"Masola - madres solteras y familias en reproducci\u00f3n asistida","og_description":"masola-madres-solteras-por-eleccion-en-reproduccion-asistida","og_url":"https:\/\/masola.org\/masola-madres-solteras-por-eleccion-en-reproduccion-asistida\/","og_site_name":"Madres solteras por elecci\u00f3n","article_publisher":"https:\/\/www.facebook.com\/MasolaOrg\/","article_modified_time":"2018-02-12T22:18:33+00:00","og_image":[{"width":512,"height":512,"url":"https:\/\/masola.org\/wp-content\/uploads\/2016\/10\/cropped-bolsas_masola_bolsa-1-1-1200x958.jpg","type":"image\/jpeg"}],"twitter_card":"summary_large_image","twitter_site":"@Masola_Org","twitter_misc":{"Est. reading time":"3 minutes"},"schema":{"@context":"https:\/\/schema.org","@graph":[{"@type":"WebPage","@id":"https:\/\/masola.org\/masola-madres-solteras-por-eleccion-en-reproduccion-asistida\/","url":"https:\/\/masola.org\/masola-madres-solteras-por-eleccion-en-reproduccion-asistida\/","name":"Masola - madres solteras y familias en reproducci\u00f3n asistida","isPartOf":{"@id":"https:\/\/masola.org\/#website"},"primaryImageOfPage":{"@id":"https:\/\/masola.org\/masola-madres-solteras-por-eleccion-en-reproduccion-asistida\/#primaryimage"},"image":{"@id":"https:\/\/masola.org\/masola-madres-solteras-por-eleccion-en-reproduccion-asistida\/#primaryimage"},"thumbnailUrl":"https:\/\/masola.org\/wp-content\/uploads\/2016\/10\/cropped-bolsas_masola_bolsa-1-1-1200x958.jpg","datePublished":"2012-08-22T17:40:56+00:00","dateModified":"2018-02-12T22:18:33+00:00","description":"masola-madres-solteras-por-eleccion-en-reproduccion-asistida","breadcrumb":{"@id":"https:\/\/masola.org\/masola-madres-solteras-por-eleccion-en-reproduccion-asistida\/#breadcrumb"},"inLanguage":"en-US","potentialAction":[{"@type":"ReadAction","target":["https:\/\/masola.org\/masola-madres-solteras-por-eleccion-en-reproduccion-asistida\/"]}]},{"@type":"ImageObject","inLanguage":"en-US","@id":"https:\/\/masola.org\/masola-madres-solteras-por-eleccion-en-reproduccion-asistida\/#primaryimage","url":"https:\/\/masola.org\/wp-content\/uploads\/2016\/10\/cropped-bolsas_masola_bolsa-1-1-1200x958.jpg","contentUrl":"https:\/\/masola.org\/wp-content\/uploads\/2016\/10\/cropped-bolsas_masola_bolsa-1-1-1200x958.jpg","width":512,"height":512},{"@type":"BreadcrumbList","@id":"https:\/\/masola.org\/masola-madres-solteras-por-eleccion-en-reproduccion-asistida\/#breadcrumb","itemListElement":[{"@type":"ListItem","position":1,"name":"Paginas-Menu WEB","item":"https:\/\/masola.org\/"},{"@type":"ListItem","position":2,"name":"Qui\u00e9nes somos en madres solteras por elecci\u00f3n en reproducci\u00f3n asistida"}]},{"@type":"WebSite","@id":"https:\/\/masola.org\/#website","url":"https:\/\/masola.org\/","name":"Madres solteras por elecci\u00f3n","description":"Madres solteras por eleccion y reproducci\u00f3n asistida","publisher":{"@id":"https:\/\/masola.org\/#organization"},"potentialAction":[{"@type":"SearchAction","target":{"@type":"EntryPoint","urlTemplate":"https:\/\/masola.org\/?s={search_term_string}"},"query-input":{"@type":"PropertyValueSpecification","valueRequired":true,"valueName":"search_term_string"}}],"inLanguage":"en-US"},{"@type":"Organization","@id":"https:\/\/masola.org\/#organization","name":"Masola","url":"https:\/\/masola.org\/","logo":{"@type":"ImageObject","inLanguage":"en-US","@id":"https:\/\/masola.org\/#\/schema\/logo\/image\/","url":"https:\/\/masola.org\/wp-content\/uploads\/2016\/10\/cropped-bolsas_masola_bolsa-1-1-1200x958-2.jpg","contentUrl":"https:\/\/masola.org\/wp-content\/uploads\/2016\/10\/cropped-bolsas_masola_bolsa-1-1-1200x958-2.jpg","width":1200,"height":612,"caption":"Masola"},"image":{"@id":"https:\/\/masola.org\/#\/schema\/logo\/image\/"},"sameAs":["https:\/\/www.facebook.com\/MasolaOrg\/","https:\/\/x.com\/Masola_Org","https:\/\/www.instagram.com\/masola.org_rosa.maestro\/","https:\/\/www.linkedin.com\/in\/rosamaestro\/","https:\/\/www.youtube.com\/user\/MegaMasola"]}]}},"_links":{"self":[{"href":"https:\/\/masola.org\/en\/wp-json\/wp\/v2\/pages\/629","targetHints":{"allow":["GET"]}}],"collection":[{"href":"https:\/\/masola.org\/en\/wp-json\/wp\/v2\/pages"}],"about":[{"href":"https:\/\/masola.org\/en\/wp-json\/wp\/v2\/types\/page"}],"author":[{"embeddable":true,"href":"https:\/\/masola.org\/en\/wp-json\/wp\/v2\/users\/1"}],"replies":[{"embeddable":true,"href":"https:\/\/masola.org\/en\/wp-json\/wp\/v2\/comments?post=629"}],"version-history":[{"count":5,"href":"https:\/\/masola.org\/en\/wp-json\/wp\/v2\/pages\/629\/revisions"}],"predecessor-version":[{"id":10883,"href":"https:\/\/masola.org\/en\/wp-json\/wp\/v2\/pages\/629\/revisions\/10883"}],"wp:featuredmedia":[{"embeddable":true,"href":"https:\/\/masola.org\/en\/wp-json\/wp\/v2\/media\/9588"}],"wp:attachment":[{"href":"https:\/\/masola.org\/en\/wp-json\/wp\/v2\/media?parent=629"}],"curies":[{"name":"wp","href":"https:\/\/api.w.org\/{rel}","templated":true}]}}